{"id":233,"date":"2025-07-16T10:37:17","date_gmt":"2025-07-16T13:37:17","guid":{"rendered":"https:\/\/deportes.malargue.gov.ar\/?page_id=233"},"modified":"2025-07-16T11:15:38","modified_gmt":"2025-07-16T14:15:38","slug":"sobre-la-maraton","status":"publish","type":"page","link":"https:\/\/deportes.malargue.gov.ar\/?page_id=233","title":{"rendered":"Sobre la Marat\u00f3n"},"content":{"rendered":"\t\t<div data-elementor-type=\"wp-page\" data-elementor-id=\"233\" class=\"elementor elementor-233\" data-elementor-post-type=\"page\">\n\t\t\t\t\t\t<section class=\"elementor-section elementor-top-section elementor-element elementor-element-5135c384 elementor-section-boxed elementor-section-height-default elementor-section-height-default\" data-id=\"5135c384\" data-element_type=\"section\" data-settings=\"{&quot;background_background&quot;:&quot;classic&quot;}\">\n\t\t\t\t\t\t\t<div class=\"elementor-background-overlay\"><\/div>\n\t\t\t\t\t\t\t<div class=\"elementor-container elementor-column-gap-no\">\n\t\t\t\t\t<div class=\"elementor-column elementor-col-100 elementor-top-column elementor-element elementor-element-632caa45\" data-id=\"632caa45\" data-element_type=\"column\">\n\t\t\t<div class=\"elementor-widget-wrap elementor-element-populated\">\n\t\t\t\t\t\t<div class=\"elementor-element elementor-element-669301d elementor-widget elementor-widget-jkit_post_title\" data-id=\"669301d\" data-element_type=\"widget\" data-widget_type=\"jkit_post_title.default\">\n\t\t\t\t<div class=\"elementor-widget-container\">\n\t\t\t\t\t<div  class=\"jeg-elementor-kit jkit-post-title jeg_module___69ee16459bb59\" ><h2 class=\"post-title style-color \"><a href=\"https:\/\/deportes.malargue.gov.ar\">Sobre la Marat\u00f3n<\/a><\/h2><\/div>\t\t\t\t<\/div>\n\t\t\t\t<\/div>\n\t\t\t\t<section class=\"elementor-section elementor-inner-section elementor-element elementor-element-53df6cdd elementor-section-boxed elementor-section-height-default elementor-section-height-default\" data-id=\"53df6cdd\" data-element_type=\"section\">\n\t\t\t\t\t\t<div class=\"elementor-container elementor-column-gap-no\">\n\t\t\t\t\t<div class=\"elementor-column elementor-col-100 elementor-inner-column elementor-element elementor-element-40bbab28\" data-id=\"40bbab28\" data-element_type=\"column\">\n\t\t\t<div class=\"elementor-widget-wrap elementor-element-populated\">\n\t\t\t\t\t\t<div class=\"elementor-element elementor-element-62b17906 elementor-widget__width-auto elementor-view-default elementor-widget elementor-widget-icon\" data-id=\"62b17906\" data-element_type=\"widget\" data-widget_type=\"icon.default\">\n\t\t\t\t<div class=\"elementor-widget-container\">\n\t\t\t\t\t\t\t<div class=\"elementor-icon-wrapper\">\n\t\t\t<div class=\"elementor-icon\">\n\t\t\t<svg aria-hidden=\"true\" class=\"e-font-icon-svg e-far-user-circle\" viewBox=\"0 0 496 512\" xmlns=\"http:\/\/www.w3.org\/2000\/svg\"><path d=\"M248 104c-53 0-96 43-96 96s43 96 96 96 96-43 96-96-43-96-96-96zm0 144c-26.5 0-48-21.5-48-48s21.5-48 48-48 48 21.5 48 48-21.5 48-48 48zm0-240C111 8 0 119 0 256s111 248 248 248 248-111 248-248S385 8 248 8zm0 448c-49.7 0-95.1-18.3-130.1-48.4 14.9-23 40.4-38.6 69.6-39.5 20.8 6.4 40.6 9.6 60.5 9.6s39.7-3.1 60.5-9.6c29.2 1 54.7 16.5 69.6 39.5-35 30.1-80.4 48.4-130.1 48.4zm162.7-84.1c-24.4-31.4-62.1-51.9-105.1-51.9-10.2 0-26 9.6-57.6 9.6-31.5 0-47.4-9.6-57.6-9.6-42.9 0-80.6 20.5-105.1 51.9C61.9 339.2 48 299.2 48 256c0-110.3 89.7-200 200-200s200 89.7 200 200c0 43.2-13.9 83.2-37.3 115.9z\"><\/path><\/svg>\t\t\t<\/div>\n\t\t<\/div>\n\t\t\t\t\t\t<\/div>\n\t\t\t\t<\/div>\n\t\t\t\t<div class=\"elementor-element elementor-element-61f7533f elementor-widget__width-auto elementor-widget elementor-widget-jkit_post_author\" data-id=\"61f7533f\" data-element_type=\"widget\" data-widget_type=\"jkit_post_author.default\">\n\t\t\t\t<div class=\"elementor-widget-container\">\n\t\t\t\t\t<div  class=\"jeg-elementor-kit jkit-post-author jeg_module__1_69ee16459c995\" ><p class=\"post-author \">Muni_admin<\/p><\/div>\t\t\t\t<\/div>\n\t\t\t\t<\/div>\n\t\t\t\t<div class=\"elementor-element elementor-element-6a92c582 elementor-widget__width-auto elementor-view-default elementor-widget elementor-widget-icon\" data-id=\"6a92c582\" data-element_type=\"widget\" data-widget_type=\"icon.default\">\n\t\t\t\t<div class=\"elementor-widget-container\">\n\t\t\t\t\t\t\t<div class=\"elementor-icon-wrapper\">\n\t\t\t<div class=\"elementor-icon\">\n\t\t\t<svg aria-hidden=\"true\" class=\"e-font-icon-svg e-far-calendar-alt\" viewBox=\"0 0 448 512\" xmlns=\"http:\/\/www.w3.org\/2000\/svg\"><path d=\"M148 288h-40c-6.6 0-12-5.4-12-12v-40c0-6.6 5.4-12 12-12h40c6.6 0 12 5.4 12 12v40c0 6.6-5.4 12-12 12zm108-12v-40c0-6.6-5.4-12-12-12h-40c-6.6 0-12 5.4-12 12v40c0 6.6 5.4 12 12 12h40c6.6 0 12-5.4 12-12zm96 0v-40c0-6.6-5.4-12-12-12h-40c-6.6 0-12 5.4-12 12v40c0 6.6 5.4 12 12 12h40c6.6 0 12-5.4 12-12zm-96 96v-40c0-6.6-5.4-12-12-12h-40c-6.6 0-12 5.4-12 12v40c0 6.6 5.4 12 12 12h40c6.6 0 12-5.4 12-12zm-96 0v-40c0-6.6-5.4-12-12-12h-40c-6.6 0-12 5.4-12 12v40c0 6.6 5.4 12 12 12h40c6.6 0 12-5.4 12-12zm192 0v-40c0-6.6-5.4-12-12-12h-40c-6.6 0-12 5.4-12 12v40c0 6.6 5.4 12 12 12h40c6.6 0 12-5.4 12-12zm96-260v352c0 26.5-21.5 48-48 48H48c-26.5 0-48-21.5-48-48V112c0-26.5 21.5-48 48-48h48V12c0-6.6 5.4-12 12-12h40c6.6 0 12 5.4 12 12v52h128V12c0-6.6 5.4-12 12-12h40c6.6 0 12 5.4 12 12v52h48c26.5 0 48 21.5 48 48zm-48 346V160H48v298c0 3.3 2.7 6 6 6h340c3.3 0 6-2.7 6-6z\"><\/path><\/svg>\t\t\t<\/div>\n\t\t<\/div>\n\t\t\t\t\t\t<\/div>\n\t\t\t\t<\/div>\n\t\t\t\t<div class=\"elementor-element elementor-element-42e5961 elementor-widget__width-auto elementor-widget elementor-widget-jkit_post_date\" data-id=\"42e5961\" data-element_type=\"widget\" data-widget_type=\"jkit_post_date.default\">\n\t\t\t\t<div class=\"elementor-widget-container\">\n\t\t\t\t\t<div  class=\"jeg-elementor-kit jkit-post-date jeg_module__2_69ee16459d621\" ><p class=\"post-date \">16 julio, 2025<\/p><\/div>\t\t\t\t<\/div>\n\t\t\t\t<\/div>\n\t\t\t\t<div class=\"elementor-element elementor-element-27b73276 elementor-widget__width-auto elementor-view-default elementor-widget elementor-widget-icon\" data-id=\"27b73276\" data-element_type=\"widget\" data-widget_type=\"icon.default\">\n\t\t\t\t<div class=\"elementor-widget-container\">\n\t\t\t\t\t\t\t<div class=\"elementor-icon-wrapper\">\n\t\t\t<div class=\"elementor-icon\">\n\t\t\t<svg aria-hidden=\"true\" class=\"e-font-icon-svg e-far-folder-open\" viewBox=\"0 0 576 512\" xmlns=\"http:\/\/www.w3.org\/2000\/svg\"><path d=\"M527.9 224H480v-48c0-26.5-21.5-48-48-48H272l-64-64H48C21.5 64 0 85.5 0 112v288c0 26.5 21.5 48 48 48h400c16.5 0 31.9-8.5 40.7-22.6l79.9-128c20-31.9-3-73.4-40.7-73.4zM48 118c0-3.3 2.7-6 6-6h134.1l64 64H426c3.3 0 6 2.7 6 6v42H152c-16.8 0-32.4 8.8-41.1 23.2L48 351.4zm400 282H72l77.2-128H528z\"><\/path><\/svg>\t\t\t<\/div>\n\t\t<\/div>\n\t\t\t\t\t\t<\/div>\n\t\t\t\t<\/div>\n\t\t\t\t\t<\/div>\n\t\t<\/div>\n\t\t\t\t\t<\/div>\n\t\t<\/section>\n\t\t\t\t\t<\/div>\n\t\t<\/div>\n\t\t\t\t\t<\/div>\n\t\t<\/section>\n\t\t\t\t<section class=\"elementor-section elementor-top-section elementor-element elementor-element-1eb7ff2a elementor-section-boxed elementor-section-height-default elementor-section-height-default\" data-id=\"1eb7ff2a\" data-element_type=\"section\">\n\t\t\t\t\t\t\t<div class=\"elementor-background-overlay\"><\/div>\n\t\t\t\t\t\t\t<div class=\"elementor-container elementor-column-gap-no\">\n\t\t\t\t\t<div class=\"elementor-column elementor-col-100 elementor-top-column elementor-element elementor-element-3a3111f8\" data-id=\"3a3111f8\" data-element_type=\"column\">\n\t\t\t<div class=\"elementor-widget-wrap elementor-element-populated\">\n\t\t\t\t\t\t<div class=\"elementor-element elementor-element-3cd66e54 elementor-widget elementor-widget-heading\" data-id=\"3cd66e54\" data-element_type=\"widget\" data-widget_type=\"heading.default\">\n\t\t\t\t<div class=\"elementor-widget-container\">\n\t\t\t\t\t<h3 class=\"elementor-heading-title elementor-size-default\">La Marat\u00f3n Nocturna es el evento deportivo m\u00e1s importante de Malarg\u00fce y se lleva a cabo en el marco de nuestro aniversario.<\/h3>\t\t\t\t<\/div>\n\t\t\t\t<\/div>\n\t\t\t\t<div class=\"elementor-element elementor-element-2d34726 elementor-widget elementor-widget-text-editor\" data-id=\"2d34726\" data-element_type=\"widget\" data-widget_type=\"text-editor.default\">\n\t\t\t\t<div class=\"elementor-widget-container\">\n\t\t\t\t\t\t\t\t\t<p>La carrera est\u00e1 organizada por la Direcci\u00f3n de Deportes y este a\u00f1o ser\u00e1 la edici\u00f3n XXXIV. Fue creada por Alberto Zambinelli en el a\u00f1o 1985 en conjunto con la Municipalidad de Malarg\u00fce y en su momento tambi\u00e9n la LV19, pero desde 1990 se corre de forma ininterrumpida, inclusive en el 2020, a\u00f1o de pandemia, fuimos los \u00fanicos que competimos de forma presencial en la Rep\u00fablica Argentina. <br \/>El circuito hist\u00f3rico larga a las 9 de la noche y recorre 13 kil\u00f3metros, 159 metros, que son 11 cuadras de la Ruta 40, ya denominada Avenida San Martin en el centro de Malarg\u00fce y los competidores deben dar 5 vueltas, lo que lo hace no solo un gran trabajo f\u00edsico, porque de sur a norte tiene un declive de 300 metros (aprox.), que en el sentido inverso se hace dif\u00edcil, sino que tambi\u00e9n un desaf\u00edo mental, ya que hacer 5 veces el mismo recorrido es muy agotador, pero tiene la ventaja que el p\u00fablico se encuentra a lo largo de cada metro del Boulevard para aplaudir y dar una palabra de aliento. <br \/>Si bien nunca fuimos una \u201cMarat\u00f3n\u201d propiamente dicha, porque no tenemos 42k, el circuito est\u00e1 homologado por la Federaci\u00f3n Argentina de Atletismo y los mejores corredores de Argentina y otros pa\u00edses participaron a\u00f1o tras a\u00f1o, no solo por los muy buenos premios econ\u00f3micos que repartimos, sino por la calidez con la que se los recibe, hace que todos quieran volver e invitar nuevos atletas. Adem\u00e1s, este a\u00f1o implementaremos los 21k.<br \/>No s\u00f3lo tenemos la distancia hist\u00f3rica de 13k, sino que tambi\u00e9n 5k para que los que no se animan a ese desaf\u00edo, puedan participar. Pero eso no es todo, adem\u00e1s est\u00e1 la categor\u00eda de Kids, ni\u00f1os de 4 a 12 a\u00f1os son los que abren la carrera m\u00e1s temprano y los Teens de 13 a 16 y son parte de la Nocturna, cada uno recorriendo una distancia diferente, pero cruzando por el arco de llegada.<br \/>Las primeras 28 ediciones fueron relatadas por el m\u00edtico Carlos \u201cBoch\u00edn\u201d Brega, periodista que cubri\u00f3 cada deporte malarg\u00fcino a lo largo de toda su vida y por ello siempre ser\u00e1 recordado.<\/p>\t\t\t\t\t\t\t\t<\/div>\n\t\t\t\t<\/div>\n\t\t\t\t<div class=\"elementor-element elementor-element-57cdf7b4 elementor-widget-divider--view-line elementor-widget elementor-widget-divider\" data-id=\"57cdf7b4\" data-element_type=\"widget\" data-widget_type=\"divider.default\">\n\t\t\t\t<div class=\"elementor-widget-container\">\n\t\t\t\t\t\t\t<div class=\"elementor-divider\">\n\t\t\t<span class=\"elementor-divider-separator\">\n\t\t\t\t\t\t<\/span>\n\t\t<\/div>\n\t\t\t\t\t\t<\/div>\n\t\t\t\t<\/div>\n\t\t\t\t<div class=\"elementor-element elementor-element-357c24d2 elementor-widget elementor-widget-jkit_post_comment\" data-id=\"357c24d2\" data-element_type=\"widget\" data-widget_type=\"jkit_post_comment.default\">\n\t\t\t\t<div class=\"elementor-widget-container\">\n\t\t\t\t\t<div  class=\"jeg-elementor-kit jkit-post-comment jeg_module__3_69ee1645a12fc\" ><\/div>\t\t\t\t<\/div>\n\t\t\t\t<\/div>\n\t\t\t\t\t<\/div>\n\t\t<\/div>\n\t\t\t\t\t<\/div>\n\t\t<\/section>\n\t\t\t\t<\/div>\n\t\t","protected":false},"excerpt":{"rendered":"<p>Sobre la Marat\u00f3n Muni_admin 16 julio, 2025 La Marat\u00f3n Nocturna es el evento deportivo m\u00e1s importante de Malarg\u00fce y se lleva a cabo en el marco de nuestro aniversario. La carrera est\u00e1 organizada por la Direcci\u00f3n de Deportes y este a\u00f1o ser\u00e1 la edici\u00f3n XXXIV. Fue creada por Alberto Zambinelli en el a\u00f1o 1985 en [&hellip;]<\/p>\n","protected":false},"author":1,"featured_media":0,"parent":0,"menu_order":0,"comment_status":"closed","ping_status":"closed","template":"elementor_canvas","meta":{"footnotes":""},"class_list":["post-233","page","type-page","status-publish","hentry"],"_links":{"self":[{"href":"https:\/\/deportes.malargue.gov.ar\/index.php?rest_route=\/wp\/v2\/pages\/233","targetHints":{"allow":["GET"]}}],"collection":[{"href":"https:\/\/deportes.malargue.gov.ar\/index.php?rest_route=\/wp\/v2\/pages"}],"about":[{"href":"https:\/\/deportes.malargue.gov.ar\/index.php?rest_route=\/wp\/v2\/types\/page"}],"author":[{"embeddable":true,"href":"https:\/\/deportes.malargue.gov.ar\/index.php?rest_route=\/wp\/v2\/users\/1"}],"replies":[{"embeddable":true,"href":"https:\/\/deportes.malargue.gov.ar\/index.php?rest_route=%2Fwp%2Fv2%2Fcomments&post=233"}],"version-history":[{"count":4,"href":"https:\/\/deportes.malargue.gov.ar\/index.php?rest_route=\/wp\/v2\/pages\/233\/revisions"}],"predecessor-version":[{"id":246,"href":"https:\/\/deportes.malargue.gov.ar\/index.php?rest_route=\/wp\/v2\/pages\/233\/revisions\/246"}],"wp:attachment":[{"href":"https:\/\/deportes.malargue.gov.ar\/index.php?rest_route=%2Fwp%2Fv2%2Fmedia&parent=233"}],"curies":[{"name":"wp","href":"https:\/\/api.w.org\/{rel}","templated":true}]}}